{"id":2799,"date":"2021-03-30T16:40:22","date_gmt":"2021-03-30T19:40:22","guid":{"rendered":"http:\/\/sbi.iqsc.usp.br\/?page_id=2799"},"modified":"2023-04-24T13:58:35","modified_gmt":"2023-04-24T16:58:35","slug":"indicadores-e-metricas","status":"publish","type":"page","link":"https:\/\/sbi.iqsc.usp.br\/?page_id=2799","title":{"rendered":"Indicadores e M\u00e9tricas"},"content":{"rendered":"<p><strong>Produ\u00e7\u00e3o cient\u00edfica (<i>scholarly outputs<\/i>):\u00a0<\/strong>N\u00famero total acumulado de itens publicados em um dado per\u00edodo. Mede o volume, a produtividade: quantas publica\u00e7\u00f5es foram produzidas por um autor, grupo de pesquisadores, institui\u00e7\u00e3o, pa\u00eds ou conjunto de pa\u00edses em dado per\u00edodo. \u00c9 poss\u00edvel tamb\u00e9m obter o n\u00famero total acumulado de publica\u00e7\u00f5es de acordo com cada \u00e1rea de conhecimento ou disciplina em um determinado per\u00edodo de tempo.<\/p>\n<p><strong>Contagem de cita\u00e7\u00f5es (<\/strong><strong><i>citation count<\/i>):<\/strong>\u00a0Indica o total de cita\u00e7\u00f5es que as publica\u00e7\u00f5es de um autor, institui\u00e7\u00e3o ou pa\u00eds acumularam ao longo de um determinado per\u00edodo.\u00a0As diferen\u00e7as na contagem de cita\u00e7\u00f5es entre fontes de dados s\u00e3o devidas a diferentes coberturas (t\u00edtulo e datas) do banco de dados (Scopus ou Web of Science). O\u00a0n\u00famero de cita\u00e7\u00f5es recebidas n\u00e3o se refere ao ano em que a cita\u00e7\u00e3o foi recebida e sim ao ano em que o resultado foi publicado.\u00a0As m\u00e9tricas de contagem de cita\u00e7\u00f5es s\u00e3o \u00fateis para comparar a visibilidade onde os pesquisadores s\u00e3o de campos ou disciplinas similares e com dura\u00e7\u00e3o similar de carreira.<\/p>\n<p><strong>Cita\u00e7\u00f5es por publica\u00e7\u00e3o (<i>citation per publication<\/i>):<\/strong>\u00a0Indica o n\u00famero de cita\u00e7\u00f5es recebidas por artigo\/trabalho publicado. Indica o impacto m\u00e9dio de cita\u00e7\u00e3o de cada uma das publica\u00e7\u00f5es de uma institui\u00e7\u00e3o ou autor: quantas cita\u00e7\u00f5es as publica\u00e7\u00f5es de uma institui\u00e7\u00e3o ou autor receberam, em m\u00e9dia.<\/p>\n<p><strong>\u00cdndice H (<i>h-index<\/i>):<\/strong>\u00a0Indica um equil\u00edbrio entre a produtividade (produ\u00e7\u00e3o cient\u00edfica) e impacto de cita\u00e7\u00e3o (contagem de cita\u00e7\u00f5es) de publica\u00e7\u00f5es de uma institui\u00e7\u00e3o ou pesquisador. Tem sido utilizado tamb\u00e9m para revistas. Por exemplo, um \u00edndice h de 12 indica que, no conjunto de dados, 12 artigos foram citados pelo menos 12 vezes cada um.<\/p>\n<p><strong>Impacto de cita\u00e7\u00e3o (<em>citation impact<\/em>)<\/strong>:\u00a0\u00e9 calculado dividindo o n\u00famero total de cita\u00e7\u00f5es recebidas pelo n\u00famero total de publica\u00e7\u00f5es. O impacto da cita\u00e7\u00e3o mostra o n\u00famero m\u00e9dio de cita\u00e7\u00f5es que um documento recebeu em um dado per\u00edodo.\u00a0O impacto de cita\u00e7\u00e3o tem sido amplamente utilizado como um indicador bibliom\u00e9trico na avalia\u00e7\u00e3o do desempenho de pesquisa e pode ser aplicado em todos os n\u00edveis organizacionais (autor, institui\u00e7\u00e3o, pa\u00eds \/ regi\u00e3o, campo de pesquisa ou peri\u00f3dico). No entanto, h\u00e1 limites para o indicador, pois ignora o volume total da produ\u00e7\u00e3o cient\u00edfica. Por exemplo, o\u00a0Pesquisador A tem apenas uma publica\u00e7\u00e3o que recebeu 50 cita\u00e7\u00f5es, enquanto o Pesquisador B publicou 10 documentos que receberam 200 cita\u00e7\u00f5es. O Pesquisador A tem um maior impacto de Cita\u00e7\u00e3o (50) do que o Pesquisador B (20), embora o Pesquisador B tenha publicado mais documentos e tenha recebido mais cita\u00e7\u00f5es em geral. No n\u00edvel do campo de conhecimento, o impacto da cita\u00e7\u00e3o de certas disciplinas \u00e9 muitas vezes maior do que em outros campos cient\u00edficos devido a caracter\u00edsticas pr\u00f3prias de cada \u00e1rea como frequ\u00eancia e volume de publica\u00e7\u00f5es e cita\u00e7\u00f5es. Por esse motivo, \u00e9 preciso ter cuidado ao utilizar esse indicador. (Fonte: InCites Help).<\/p>\n<p><strong>Impacto de cita\u00e7\u00e3o ponderado por campo [de conhecimento] (<i>Field-weighted citation impact<\/i>):<\/strong>\u00a0Indica como o n\u00famero de cita\u00e7\u00f5es recebidas por publica\u00e7\u00f5es de uma institui\u00e7\u00e3o se compara com o n\u00famero m\u00e9dio de cita\u00e7\u00f5es recebidas por todas as outras publica\u00e7\u00f5es similares no universo de dados independente da \u00e1rea de conhecimento. M\u00e9trica utilizada pelo Scopus.\u00a0Um impacto de cita\u00e7\u00e3o ponderada no campo de mais de 1,00 indica que as publica\u00e7\u00f5es foram citadas mais do que seria esperado com base na m\u00e9dia mundial de publica\u00e7\u00f5es semelhantes, por exemplo, uma pontua\u00e7\u00e3o de 1,44 significa que as sa\u00eddas foram citadas 44% mais vezes do que o esperado.\u00a0Um impacto de cita\u00e7\u00e3o ponderada no campo (FWCI) de menos de 1,00 indica que as publica\u00e7\u00f5es foram citadas menos do que seria esperado com base na m\u00e9dia mundial de publica\u00e7\u00f5es similares, por exemplo, uma pontua\u00e7\u00e3o de 0,85 significa 15% menos citada do que a m\u00e9dia mundial. A Web of Science refere-se a essa m\u00e9trica como\u00a0<strong>impacto de cita\u00e7\u00e3o normalizada (<em>Normalized citation impact<\/em>).\u00a0<\/strong><\/p>\n<p><strong>Fator de impacto do peri\u00f3dico (<em>journal<\/em>\u00a0<i>impact factor<\/i>):<\/strong>\u00a0Mede quantas vezes um artigo foi citado em rela\u00e7\u00e3o ao total de artigos publicados em um peri\u00f3dico\/revista em um per\u00edodo de dois anos, no ano em curso. (M\u00e9trica Web of Science).<\/p>\n<p><strong>Fator de impacto do peri\u00f3dico sem auto-cita\u00e7\u00f5es (<em>journal<\/em>\u00a0<em>impact factor without self cite<\/em>s):<\/strong>\u00a0\u00e9 o mesmo que journal impact factor, mas com uma importante exce\u00e7\u00e3o: Quaisquer cita\u00e7\u00f5es para uma publica\u00e7\u00e3o que prov\u00eam da pr\u00f3pria publica\u00e7\u00e3o (ou seja, auto-cita\u00e7\u00f5es) s\u00e3o exclu\u00eddas do c\u00e1lculo.<\/p>\n<p><strong>Fator de impacto do peri\u00f3dico em 5 anos (<i>5-year journal impact factor<\/i>):<\/strong>\u00a0\u00c9 o n\u00famero m\u00e9dio de vezes que os artigos de um peri\u00f3dico publicado nos \u00faltimos cinco anos t\u00eam sido citados no ano no Journal Citation Reports (JCR). \u00c9 calculado dividindo o n\u00famero de cita\u00e7\u00f5es no ano JCR pelo n\u00famero total de artigos publicados nos cinco anos anteriores. (M\u00e9trica Web of Science).<\/p>\n<p><strong>Produ\u00e7\u00e3o nos top percentis (<i>outputs in the top percentiles<\/i>):<\/strong>\u00a0Indica o grau em que publica\u00e7\u00f5es de uma institui\u00e7\u00e3o, grupo ou pa\u00eds est\u00e3o presentes nos percentis mais citados de um universo de dados: quantas produ\u00e7\u00f5es est\u00e3o no topo de 1%, 5%, 10% ou 25% das publica\u00e7\u00f5es mais citadas?\u00a0Observe que o per\u00edodo de tempo n\u00e3o se refere ao ano em que as cita\u00e7\u00f5es foram recebidas, mas ao ano em que os resultados foram produzidos. Essa m\u00e9trica tamb\u00e9m pode ser usada para distinguir pesquisadores cujo desempenho parece similar quando visto por outras m\u00e9tricas, como Produ\u00e7\u00e3o Cient\u00edfica, Cita\u00e7\u00f5es por publica\u00e7\u00e3o ou Colabora\u00e7\u00e3o.<\/p>\n<p><span lang=\"pt\"><strong>Proemin\u00eancia do t\u00f3pico na ci\u00eancia (<em>topic prominence in science<\/em>):<\/strong>\u00a0combina tr\u00eas m\u00e9tricas para indicar o momento alto\u00a0de um T\u00f3pico:\u00a0<strong>(a)<\/strong>\u00a0Contagem de Cita\u00e7\u00f5es (<em>Citation Count<\/em>) no ano 2017 para artigos publicados em 2017 e 2016,\u00a0<strong>(b)<\/strong>\u00a0Contagem de Visualiza\u00e7\u00f5es (<em>Scopus Views Count<\/em>)\u00a0no ano 2017 para artigos publicados em 2017 e 2016 e\u00a0<strong>(c)<\/strong>\u00a0M\u00e9dia (A<em>verage<\/em>) Citescore no ano de 2017. Pode ser aplicado ao Mundo, a Regi\u00f5es, Pa\u00eds, Institui\u00e7\u00f5es, Grupos de Pesquisa e Pesquisadores.\u00a0<\/span><\/p>\n<p><strong>Publica\u00e7\u00f5es nos percentis top de peri\u00f3dicos (<em>publications in top journal percentis<\/em>)<\/strong>: Indicam at\u00e9 que ponto as publica\u00e7\u00f5es est\u00e3o presentes nos peri\u00f3dicos mais citados na fonte de dados. Isso calcula quantas publica\u00e7\u00f5es est\u00e3o no topo 1%, 5%, 10% ou 25% dos peri\u00f3dicos indexados mais citados.\u00a0Os peri\u00f3dicos mais citados s\u00e3o definidos pelas m\u00e9tricas relacionadas aos peri\u00f3dicos nas bases de dados (Web of Science, Scopus).\u00a0Observe que o per\u00edodo de tempo n\u00e3o se refere ao ano em que as cita\u00e7\u00f5es foram recebidas, mas ao ano em que os resultados foram produzidos.\u00a0Essa m\u00e9trica \u00e9 \u00fatil para avaliar os pesquisadores, independentemente das diferen\u00e7as de tamanho e dos perfis disciplinares (\u00e1reas de conhecimento), e para mostrar a presen\u00e7a de publica\u00e7\u00f5es em peri\u00f3dicos percebidos como os mais prestigiados do mundo.<\/p>\n<p><strong>Colabora\u00e7\u00e3o (<i>collaboration<\/i>):<\/strong>\u00a0Indica o n\u00famero de publica\u00e7\u00f5es de uma institui\u00e7\u00e3o, grupo ou pesquisador produzidas em coautoria internacional, nacional ou institucional, e autoria \u00fanica. Inclui colabora\u00e7\u00e3o acad\u00eamico-acad\u00eamica, acad\u00eamico-corporativa, acad\u00eamico-governamental e acad\u00eamico-m\u00e9dico.<\/p>\n<p><strong>Porcentagem de Internacionaliza\u00e7\u00e3o\u00a0<i>(% internacionalization<\/i>):<\/strong>\u00a0baseia-se na contagem do n\u00famero de pa\u00edses dos autores e co-autores de itens publicados.<\/p>\n<p><strong>Impacto das colabora\u00e7\u00f5es (<i>collaboration impact<\/i>):<\/strong>\u00a0Indica o impacto de cita\u00e7\u00e3o de uma institui\u00e7\u00e3o a partir das publica\u00e7\u00f5es produzidas em colabora\u00e7\u00e3o com autores de diferentes origens geogr\u00e1ficas: quantas cita\u00e7\u00f5es de publica\u00e7\u00f5es em co-autoria a institui\u00e7\u00e3o recebeu em n\u00edvel internacional, nacional, ou institucionalmente? Autorias \u00fanicas tamb\u00e9m s\u00e3o contabilizadas.<\/p>\n<p><strong>Impacto das colabora\u00e7\u00f5es acad\u00eamico-corporativas (<i>academic-corporate collaboration impact<\/i>):<\/strong>\u00a0Indica o impacto de cita\u00e7\u00e3o de publica\u00e7\u00f5es de uma institui\u00e7\u00e3o com ou sem colabora\u00e7\u00e3o tanto acad\u00eamica quanto corporativa.<\/p>\n<p><strong>Impacto econ\u00f4mico (<i>economic impact<\/i>):<\/strong>\u00a0Indica o n\u00famero de patentes que citaram publica\u00e7\u00f5es de uma institui\u00e7\u00e3o, isto \u00e9, refer\u00eancias de publica\u00e7\u00f5es citadas em patentes dos cinco maiores escrit\u00f3rios de patentes do mundo.<\/p>\n<p><strong>Contagem de peri\u00f3dicos (<i>journal count<\/i>):<\/strong>\u00a0Indica a diversidade do portf\u00f3lio de publica\u00e7\u00f5es de uma institui\u00e7\u00e3o: em quantos peri\u00f3dicos distintos indexados na Base de Dados Scopus ou Web of Science as publica\u00e7\u00f5es de uma institui\u00e7\u00e3o apareceram.<\/p>\n<p><strong>Contagem de peri\u00f3dicos por categoria (<i>journal count by category<\/i>):<\/strong>\u00a0Indica a diversidade disciplinar do portf\u00f3lio de uma institui\u00e7\u00e3o, ou seja, em quantas categorias distintas de peri\u00f3dicos as publica\u00e7\u00f5es dessa institui\u00e7\u00e3o apareceram.<\/p>\n<p><strong>N\u00famero de pa\u00edses citantes (<i>citing countries<\/i>):<\/strong>\u00a0Indica a visibilidade geogr\u00e1fica das publica\u00e7\u00f5es de uma institui\u00e7\u00e3o: a partir de quantos pa\u00edses distintos as publica\u00e7\u00f5es de uma institui\u00e7\u00e3o receberam cita\u00e7\u00f5es?<\/p>\n<p><strong>Peri\u00f3dicos mais citados em um campo de conhecimento (<i>most frequently cited journals in a field<\/i>)\u00a0\u2013\u00a0<\/strong>refere-se \u00e0 classifica\u00e7\u00e3o\/ranking de peri\u00f3dicos mais frequentemente citados em uma dada \u00e1rea de aconhecimento ou assunto.<\/p>\n<p><strong>Peri\u00f3dicos de maior impacto em um campo de conhecimento (<i>highest impact journals in a field<\/i>) \u2013\u00a0<\/strong>refere-se \u00e0 classifica\u00e7\u00e3o\/ranking de peri\u00f3dicos mais citados em uma dada \u00e1rea de aconhecimento ou assunto.<\/p>\n<p><strong>Autocita\u00e7\u00e3o em peri\u00f3dicos (<i>journal \u201cself citations<\/i>\u201c)\u00a0<\/strong>\u2013 Uma auto-cita\u00e7\u00e3o \u00e9 uma refer\u00eancia a um artigo do mesmo peri\u00f3dico. As auto-cita\u00e7\u00f5es podem constituir uma parte significativa das cita\u00e7\u00f5es que um peri\u00f3dico faz e recebe a cada ano.<\/p>\n<p><strong>\u00cdndice de Imediaticidade (<i>imediaticity index<\/i>):<\/strong>\u00a0Mensura o qu\u00e3o imediatamente um artigo de uma revista \u00e9 citado logo ap\u00f3s ter sido publicado.<\/p>\n<p><strong>Pontua\u00e7\u00e3o Eigenfactor (<i>Eigenfactor score<\/i>):<\/strong>\u00a0Baseia-se no n\u00famero de cita\u00e7\u00f5es a artigos publicados em revistas nos \u00faltimos 5 anos (ano JCR), considera tamb\u00e9m a import\u00e2ncia do peri\u00f3dico onde a cita\u00e7\u00e3o foi realizada de tal modo que revistas mais influentes (mais citados) t\u00eam um maior peso que os revistas menos influentes.<\/p>\n<p><strong>Pontua\u00e7\u00e3o de influ\u00eancia do artigo (<i>article influence score<\/i>):<\/strong>\u00a0Mede a import\u00e2ncia relativa de uma revista a partir do n\u00famero de artigos citados que aparecem no JCR. Uma pontua\u00e7\u00e3o superior a 1,00 indica que cada artigo publicado na revista tem influ\u00eancia acima da m\u00e9dia. Uma pontua\u00e7\u00e3o inferior a 1,00 indica que cada artigo publicado na revista tem influ\u00eancia abaixo da m\u00e9dia.<\/p>\n<p><strong>Meia vida ou vida m\u00e9dia (<i>half-life<\/i>):<\/strong>\u00a0Mede quantos anos depois um artigo publicado em um peri\u00f3dico ainda \u00e9 citado. Varia de acordo com as caracter\u00edsticas da \u00e1rea de conhecimento, seus padr\u00f5es de pesquisa e publica\u00e7\u00e3o. Geralmente, a meia vida \u00e9 inversamente proporcional ao fator de impacto.<\/p>\n<p><strong>CiteScore<\/strong>:\u00a0mensura o impacto da cita\u00e7\u00e3o de t\u00edtulos em s\u00e9rie, como peri\u00f3dicos. Os t\u00edtulos de s\u00e9rie s\u00e3o definidos como t\u00edtulos que publicam regularmente (ou seja, um ou mais volumes por ano). O CiteScore calcula o n\u00famero m\u00e9dio de cita\u00e7\u00f5es recebidas em um ano por todos os itens publicados nesse peri\u00f3dico nos tr\u00eas anos anteriores. O ano atribu\u00eddo \u00e9 determinado pelas datas de cobertura, e n\u00e3o as datas em que os fasc\u00edculos foram disponibilizadas online \u2013 desde 2011. (M\u00e9trica Scopus).<\/p>\n<p><strong>SNIP \u2013 Source Normalized Impact per Paper:<\/strong>\u00a0Mede o impacto de cita\u00e7\u00f5es contextualizadas por revistas ponderando cita\u00e7\u00f5es com base no n\u00famero total de cita\u00e7\u00f5es em um campo de assunto. Ajuda a fazer compara\u00e7\u00f5es diretas entre peri\u00f3dicos em diferentes \u00e1reas de assunto n\u00famero total de cita\u00e7\u00f5es referente a uma \u00e1rea de pesquisa. (M\u00e9trica Scopus)<\/p>\n<p><strong>SJR \u2013 SCImago Journal Rank<\/strong>: M\u00e9trica de prest\u00edgio baseada na reputa\u00e7\u00e3o do peri\u00f3dico, o que resulta em maior valor da cita\u00e7\u00e3o. (M\u00e9trica Scopus)<\/p>\n<p><strong>IPP \u2013\u00a0Impact per Publication:<\/strong>\u00a0Mede as cita\u00e7\u00f5es por artigo publicado em uma revista no per\u00edodo de 3 anos. (M\u00e9trica Scopus)<\/p>\n<p><strong>Indicador de desempenho agregado (<em>aggregate performance indicator<\/em>):<\/strong>\u00a0O indicador de desempenho agregado mede o impacto de uma institui\u00e7\u00e3o ou do pa\u00eds em rela\u00e7\u00e3o a uma taxa de cita\u00e7\u00e3o esperada para a institui\u00e7\u00e3o ou pa\u00eds. O indicador \u00e9 normalizado para as diferen\u00e7as nas taxas de cita\u00e7\u00e3o de um determinado campo de conhecimento, bem como diferen\u00e7as de tamanho entre institui\u00e7\u00f5es e per\u00edodos de tempo.<\/p>\n<p><strong>Cita\u00e7\u00f5es esperadas por categoria (<em>category expected citations<\/em>):<\/strong>\u00a0N\u00famero m\u00e9dio de cita\u00e7\u00f5es recebidas por artigos de um mesmo tipo publicados em revistas de mesma categoria (\u00e1rea de conhecimento) e data. Se um peri\u00f3dico \u00e9 atribu\u00eddo a mais de uma categoria, utiliza-se a m\u00e9dia das categorias.<\/p>\n<p><strong>Contagem de visualiza\u00e7\u00f5es (<em>view count<\/em>):\u00a0<\/strong>baseia-se no n\u00famero de visualiza\u00e7\u00f5es dos usu\u00e1rios de resumos (<em>abstracts<\/em>) dos documentos indexados na base de dados SciVal.<\/p>\n<p><strong>Visualiza\u00e7\u00f5es por publica\u00e7\u00e3o (views per publication):\u00a0<\/strong>baseia-se no n\u00famero de visualiza\u00e7\u00f5es dos usu\u00e1rios de resumos (<em>abstracts<\/em>) por documento indexado na Base de Dados SciVal.<\/p>\n<p><strong>Impacto das visualiza\u00e7\u00f5es ponderado pelo campo de conhecimento (field weighted views impact):\u00a0<\/strong>baseia-se na m\u00e9dia mundial esperada de visualiza\u00e7\u00f5es para o campo de conhecimento\/assunto, tipo de publica\u00e7\u00e3o e ano de publica\u00e7\u00e3o.<\/p>\n<p><strong>Produ\u00e7\u00e3o relativa ao pa\u00eds\/territ\u00f3rio (<em>output relative to country\/territory<\/em>):<\/strong>\u00a0Produ\u00e7\u00e3o em \u00e1reas espec\u00edficas em rela\u00e7\u00e3o ao impacto para todo o pa\u00eds \/ territ\u00f3rio em todas as \u00e1reas<\/p>\n<p><strong>Impacto das cita\u00e7\u00f5es relativo ao pa\u00eds\/territ\u00f3rio (<em>impact relative to country\/territory<\/em>):<\/strong>\u00a0Impacto em \u00e1reas espec\u00edficas em rela\u00e7\u00e3o ao impacto para todo o pa\u00eds \/ territ\u00f3rio em todas as \u00e1reas (um valor superior a 1 indica que o impacto do pa\u00eds \/ regi\u00e3o na \u00e1rea de motivo selecionado \u00e9 melhor do que o impacto m\u00e9dio do Pa\u00eds \/territ\u00f3rio em todas as \u00e1reas)<\/p>\n<p><strong>Impacto relativo ao mundo (<em>impact relative to world<\/em>):<\/strong>\u00a0A percentagem de documentos que foram citados em rela\u00e7\u00e3o ao n\u00famero total de documentos citados no mundo (um valor maior do que 1 indica que o impacto \u00e9 melhor do que a m\u00e9dia para o mundo \u2013 baseline).<\/p>\n<p><strong>M\u00e9tricas Alternativas<\/strong><\/p>\n<p>&nbsp;<\/p>\n<p><a href=\"https:\/\/www.altmetric.com\/\" target=\"_blank\" rel=\"noopener noreferrer\">Altmetric<\/a>\u00a0\u00a0|\u00a0<a href=\"http:\/\/plumanalytics.com\/\" target=\"_blank\" rel=\"noopener noreferrer\">Plum \u00a0Analytics<\/a>\u00a0|\u00a0<a href=\"https:\/\/impactstory.org\/\" target=\"_blank\" rel=\"noopener noreferrer\">ImpactStory<\/a><\/p>\n<p>Analisam o impacto de um documento por meio da quantidade de compartilhamentos em redes sociais, Twitter, Blogs dentre outros.<\/p>\n<p><span class=\"text-blue\"><strong><a href=\"https:\/\/www.snowballmetrics.com\/\" target=\"_blank\" rel=\"noopener noreferrer\">M\u00e9tricas Snowball<\/a><\/strong><\/span><\/p>\n<p>Representam padr\u00f5es globais de m\u00e9tricas criadas por institui\u00e7\u00f5es de pesquisa e editoras que permitem o benchmarking institucional e cobrem todo o espectro de atividades de pesquisa.\u00a0As metodologias acordadas e testadas est\u00e3o dispon\u00edveis gratuitamente para serem utilizadas por qualquer organiza\u00e7\u00e3o.\u00a0<a href=\"https:\/\/www.snowballmetrics.com\/\" target=\"_blank\" rel=\"noopener noreferrer\">https:\/\/www.snowballmetrics.com\/<\/a><\/p>\n<p><strong>Bibliografia utilizada<\/strong><\/p>\n<p>InCites Indicators Handbook. Dispon\u00edvel em:\u00a0<a href=\"http:\/\/help.incites.clarivate.com\/inCites2Live\/indicatorsGroup\/aboutHandbook.html\" target=\"_blank\" rel=\"noopener noreferrer\">http:\/\/ipscience-help.thomsonreuters.com\/inCites2Live\/indicatorsGroup\/aboutHandbook.html<\/a>\u00a0Acesso em: 18 julho 2019.<\/p>\n<p>Scival Metrics Handbook. Dispon\u00edvel em:\u00a0<a href=\"https:\/\/www.elsevier.com\/research-intelligence\/resource-library\/scival-metrics-guidebook\" target=\"_blank\" rel=\"noopener noreferrer\">https:\/\/www.elsevier.com\/research-intelligence\/resource-library\/scival-metrics-guidebook<\/a>\u00a0Acesso em: 18 julho 2019.<\/p>\n<p>SciVal User Guide. Dispon\u00edvel em:\u00a0<a href=\"https:\/\/www.scival.com\/help\/downloads\/SciVal_user_guide.pdf\" target=\"_blank\" rel=\"noopener noreferrer\">https:\/\/www.scival.com\/help\/downloads\/SciVal_user_guide.pdf<\/a>\u00a0Acesso em: 18 julho 2019.<\/p>\n<p><strong>Nota t\u00e9cnica:<\/strong> As defini\u00e7\u00f5es apresentadas baseiam-se em informa\u00e7\u00f5es traduzidas e compiladas de v\u00e1rias fontes, incluindo interpreta\u00e7\u00f5es de bibliotec\u00e1rios da Ag\u00eancia de Bibliotecas e Cole\u00e7\u00f5es Digitais da USP (ABCD).<\/p>\n<p>Fonte: Ag\u00eancia de Bibliotecas e Cole\u00e7\u00f5es Digitais da USP (ABCD).<\/p>\n","protected":false},"excerpt":{"rendered":"<p>Produ\u00e7\u00e3o cient\u00edfica (scholarly outputs):\u00a0N\u00famero total acumulado de itens publicados em um dado per\u00edodo. Mede o volume, a produtividade: quantas publica\u00e7\u00f5es foram produzidas por um autor, grupo de pesquisadores, institui\u00e7\u00e3o, pa\u00eds ou conjunto de pa\u00edses em dado per\u00edodo. \u00c9 poss\u00edvel tamb\u00e9m obter o n\u00famero total acumulado de publica\u00e7\u00f5es de acordo com cada \u00e1rea de conhecimento ou disciplina em um determinado per\u00edodo de tempo. Contagem de cita\u00e7\u00f5es (citation count):\u00a0Indica o total de cita\u00e7\u00f5es que as publica\u00e7\u00f5es de um autor, institui\u00e7\u00e3o ou pa\u00eds acumularam ao longo de um determinado per\u00edodo.\u00a0As diferen\u00e7as na contagem de cita\u00e7\u00f5es entre fontes de dados s\u00e3o devidas a diferentes coberturas (t\u00edtulo e datas) do banco de dados (Scopus ou Web of Science). O\u00a0n\u00famero de cita\u00e7\u00f5es recebidas n\u00e3o se refere ao ano em que a cita\u00e7\u00e3o foi recebida e sim ao ano em que o resultado foi publicado.\u00a0As m\u00e9tricas de contagem de cita\u00e7\u00f5es s\u00e3o \u00fateis para comparar a visibilidade onde os pesquisadores s\u00e3o de campos ou disciplinas similares e com dura\u00e7\u00e3o similar de carreira. Cita\u00e7\u00f5es por publica\u00e7\u00e3o (citation per publication):\u00a0Indica o n\u00famero de cita\u00e7\u00f5es recebidas por artigo\/trabalho publicado. Indica o impacto m\u00e9dio de cita\u00e7\u00e3o de cada uma das publica\u00e7\u00f5es de uma institui\u00e7\u00e3o ou autor: quantas cita\u00e7\u00f5es as publica\u00e7\u00f5es de uma [&#8230;]<\/p>\n","protected":false},"author":1,"featured_media":0,"parent":2782,"menu_order":8,"comment_status":"closed","ping_status":"closed","template":"","meta":{"_monsterinsights_skip_tracking":false,"_monsterinsights_sitenote_active":false,"_monsterinsights_sitenote_note":"","_monsterinsights_sitenote_category":0,"ngg_post_thumbnail":0,"footnotes":""},"_links":{"self":[{"href":"https:\/\/sbi.iqsc.usp.br\/index.php?rest_route=\/wp\/v2\/pages\/2799"}],"collection":[{"href":"https:\/\/sbi.iqsc.usp.br\/index.php?rest_route=\/wp\/v2\/pages"}],"about":[{"href":"https:\/\/sbi.iqsc.usp.br\/index.php?rest_route=\/wp\/v2\/types\/page"}],"author":[{"embeddable":true,"href":"https:\/\/sbi.iqsc.usp.br\/index.php?rest_route=\/wp\/v2\/users\/1"}],"replies":[{"embeddable":true,"href":"https:\/\/sbi.iqsc.usp.br\/index.php?rest_route=%2Fwp%2Fv2%2Fcomments&post=2799"}],"version-history":[{"count":4,"href":"https:\/\/sbi.iqsc.usp.br\/index.php?rest_route=\/wp\/v2\/pages\/2799\/revisions"}],"predecessor-version":[{"id":3422,"href":"https:\/\/sbi.iqsc.usp.br\/index.php?rest_route=\/wp\/v2\/pages\/2799\/revisions\/3422"}],"up":[{"embeddable":true,"href":"https:\/\/sbi.iqsc.usp.br\/index.php?rest_route=\/wp\/v2\/pages\/2782"}],"wp:attachment":[{"href":"https:\/\/sbi.iqsc.usp.br\/index.php?rest_route=%2Fwp%2Fv2%2Fmedia&parent=2799"}],"curies":[{"name":"wp","href":"https:\/\/api.w.org\/{rel}","templated":true}]}}