{"id":2803,"date":"2021-03-22T11:46:39","date_gmt":"2021-03-22T14:46:39","guid":{"rendered":"http:\/\/sbi.iqsc.usp.br\/?page_id=2803"},"modified":"2021-03-30T16:43:45","modified_gmt":"2021-03-30T19:43:45","slug":"onde-publicar","status":"publish","type":"page","link":"https:\/\/sbi.iqsc.usp.br\/?page_id=2803","title":{"rendered":"Onde Publicar"},"content":{"rendered":"<p>Ferramentas com informa\u00e7\u00f5es para sele\u00e7\u00e3o dos t\u00edtulos de peri\u00f3dicos mais adequados \u00e0 sua \u00e1rea de conhecimento, p\u00fablico alvo e indicadores de impacto e qualidade.<\/p>\n<p><a href=\"https:\/\/mjl.clarivate.com\/\" target=\"_blank\" rel=\"noopener noreferrer\" data-saferedirecturl=\"https:\/\/www.google.com\/url?q=https:\/\/mjl.clarivate.com\/&amp;source=gmail&amp;ust=1617211910955000&amp;usg=AFQjCNHdMZhcd8ICnm9s_QxfCnbfGW0cMw\">Master Journal List \u2013 WOS<\/a><\/p>\n<p><a href=\"https:\/\/thinkchecksubmit.org\/\" target=\"_blank\" rel=\"noopener noreferrer\" data-saferedirecturl=\"https:\/\/www.google.com\/url?q=https:\/\/thinkchecksubmit.org\/&amp;source=gmail&amp;ust=1617211910955000&amp;usg=AFQjCNEEh377kKGTrECM3zpDFb9rhlVVXA\">Think. Check. Submit<\/a><\/p>\n<p><a href=\"http:\/\/journalfinder.elsevier.com\/\" target=\"_blank\" rel=\"noopener noreferrer\" data-saferedirecturl=\"https:\/\/www.google.com\/url?q=http:\/\/journalfinder.elsevier.com\/&amp;source=gmail&amp;ust=1617211910955000&amp;usg=AFQjCNG_HlINrjZTz4wryz66MZZdiBgk1g\">Elsevier Journal Finder<\/a><\/p>\n<p><a href=\"http:\/\/publication-recommender.ieee.org\/home\" target=\"_blank\" rel=\"noopener noreferrer\" data-saferedirecturl=\"https:\/\/www.google.com\/url?q=http:\/\/publication-recommender.ieee.org\/home&amp;source=gmail&amp;ust=1617211910955000&amp;usg=AFQjCNHYd0NrLv491MdIIMEEzhX8KoJvmw\">IEEE Publication Recommender<\/a><\/p>\n<p><a href=\"http:\/\/journalsuggester.springer.com\/\" target=\"_blank\" rel=\"noopener noreferrer\" data-saferedirecturl=\"https:\/\/www.google.com\/url?q=http:\/\/journalsuggester.springer.com\/&amp;source=gmail&amp;ust=1617211910955000&amp;usg=AFQjCNHwWudeCZqJaHBUGluZuzTJipws-A\">Springer Journal Suggester<\/a><\/p>\n<p><a href=\"https:\/\/www.edanzediting.com\/journal-selector\" target=\"_blank\" rel=\"noopener noreferrer\" data-saferedirecturl=\"https:\/\/www.google.com\/url?q=https:\/\/www.edanzediting.com\/journal-selector&amp;source=gmail&amp;ust=1617211910955000&amp;usg=AFQjCNEVDghsuYcMQ8WvfNT8idQ-u91NYQ\">Edanz Journal Selector<\/a><\/p>\n<p><a href=\"https:\/\/www.journalguide.com\/\" target=\"_blank\" rel=\"noopener noreferrer\" data-saferedirecturl=\"https:\/\/www.google.com\/url?q=https:\/\/www.journalguide.com\/&amp;source=gmail&amp;ust=1617211910955000&amp;usg=AFQjCNH2HznyaT8MAAWI_OiwliFFo2YYWA\">Journal Guide<\/a><\/p>\n<p><a href=\"https:\/\/jcr.clarivate.com\/JCRLandingPageAction.action\" target=\"_blank\" rel=\"noopener noreferrer\" data-saferedirecturl=\"https:\/\/www.google.com\/url?q=https:\/\/jcr.clarivate.com\/JCRLandingPageAction.action&amp;source=gmail&amp;ust=1617211910955000&amp;usg=AFQjCNGWc1nQbYcg_qL_Pl7vlo5C7hVBTA\">JCR<\/a><\/p>\n<p><a href=\"https:\/\/www.scimagojr.com\/\" target=\"_blank\" rel=\"noopener noreferrer\" data-saferedirecturl=\"https:\/\/www.google.com\/url?q=https:\/\/www.scimagojr.com\/&amp;source=gmail&amp;ust=1617211910955000&amp;usg=AFQjCNGG2JZElk0oSiUwA8js1IKra2fMMw\">SJR<\/a><\/p>\n<p><a href=\"http:\/\/sherpa.ac.uk\/romeo\/search.php\" target=\"_blank\" rel=\"noopener noreferrer\" data-saferedirecturl=\"https:\/\/www.google.com\/url?q=http:\/\/sherpa.ac.uk\/romeo\/search.php&amp;source=gmail&amp;ust=1617211910955000&amp;usg=AFQjCNGCnGkiG_qqewqGEdrfAHHLsMU0oA\">SherpaRomeo<\/a><\/p>\n<p><a href=\"https:\/\/www.doaj.org\/\" target=\"_blank\" rel=\"noopener noreferrer\" data-saferedirecturl=\"https:\/\/www.google.com\/url?q=https:\/\/www.doaj.org\/&amp;source=gmail&amp;ust=1617211910955000&amp;usg=AFQjCNGaM6fdJrMbB_5UMyddAkh2r3xhzg\">DOAJ<\/a><\/p>\n<p><a href=\"https:\/\/sucupira.capes.gov.br\/sucupira\/public\/consultas\/coleta\/veiculoPublicacaoQualis\/listaConsultaGeralPeriodicos.jsf\" target=\"_blank\" rel=\"noopener noreferrer\" data-saferedirecturl=\"https:\/\/www.google.com\/url?q=https:\/\/sucupira.capes.gov.br\/sucupira\/public\/consultas\/coleta\/veiculoPublicacaoQualis\/listaConsultaGeralPeriodicos.jsf&amp;source=gmail&amp;ust=1617211910955000&amp;usg=AFQjCNGq20kE1S22EV7M_tT5GdpvQjtazQ\">Qualis Peri\u00f3dicos<\/a><\/p>\n","protected":false},"excerpt":{"rendered":"<p>Ferramentas com informa\u00e7\u00f5es para sele\u00e7\u00e3o dos t\u00edtulos de peri\u00f3dicos mais adequados \u00e0 sua \u00e1rea de conhecimento, p\u00fablico alvo e indicadores de impacto e qualidade. Master Journal List \u2013 WOS Think. Check. Submit Elsevier Journal Finder IEEE Publication Recommender Springer Journal Suggester Edanz Journal Selector Journal Guide JCR SJR SherpaRomeo DOAJ Qualis Peri\u00f3dicos<\/p>\n","protected":false},"author":1,"featured_media":0,"parent":2782,"menu_order":10,"comment_status":"closed","ping_status":"closed","template":"","meta":{"_monsterinsights_skip_tracking":false,"_monsterinsights_sitenote_active":false,"_monsterinsights_sitenote_note":"","_monsterinsights_sitenote_category":0,"ngg_post_thumbnail":0,"footnotes":""},"_links":{"self":[{"href":"https:\/\/sbi.iqsc.usp.br\/index.php?rest_route=\/wp\/v2\/pages\/2803"}],"collection":[{"href":"https:\/\/sbi.iqsc.usp.br\/index.php?rest_route=\/wp\/v2\/pages"}],"about":[{"href":"https:\/\/sbi.iqsc.usp.br\/index.php?rest_route=\/wp\/v2\/types\/page"}],"author":[{"embeddable":true,"href":"https:\/\/sbi.iqsc.usp.br\/index.php?rest_route=\/wp\/v2\/users\/1"}],"replies":[{"embeddable":true,"href":"https:\/\/sbi.iqsc.usp.br\/index.php?rest_route=%2Fwp%2Fv2%2Fcomments&post=2803"}],"version-history":[{"count":2,"href":"https:\/\/sbi.iqsc.usp.br\/index.php?rest_route=\/wp\/v2\/pages\/2803\/revisions"}],"predecessor-version":[{"id":2853,"href":"https:\/\/sbi.iqsc.usp.br\/index.php?rest_route=\/wp\/v2\/pages\/2803\/revisions\/2853"}],"up":[{"embeddable":true,"href":"https:\/\/sbi.iqsc.usp.br\/index.php?rest_route=\/wp\/v2\/pages\/2782"}],"wp:attachment":[{"href":"https:\/\/sbi.iqsc.usp.br\/index.php?rest_route=%2Fwp%2Fv2%2Fmedia&parent=2803"}],"curies":[{"name":"wp","href":"https:\/\/api.w.org\/{rel}","templated":true}]}}