{"id":550,"date":"2013-07-19T08:25:01","date_gmt":"2013-07-19T11:25:01","guid":{"rendered":"http:\/\/sbi2.iqsc.usp.br\/?page_id=550"},"modified":"2024-06-04T16:20:41","modified_gmt":"2024-06-04T19:20:41","slug":"informacoes","status":"publish","type":"page","link":"https:\/\/sbi.iqsc.usp.br\/?page_id=550","title":{"rendered":"Hor\u00e1rio de Funcionamento"},"content":{"rendered":"<p><b>Hor\u00e1rio da Biblioteca &#8211; Sala 2 &#8211; Q5<\/b><\/p>\n<p><b>Per\u00edodo Letivo:<\/b><\/p>\n<p>De 2\u00aa a 6\u00aa feira: 8h00 \u00e0s 18h00<\/p>\n<p><b>Per\u00edodo F\u00e9rias:<\/b><\/p>\n<p>De 2\u00aa a 6\u00aa feira: 8h00 \u00e0s 12h00 \u2013 13h00 \u00e0s 18h00<\/p>\n<p><b>Hor\u00e1rio do Anexo<\/b><\/p>\n<p>24 horas<\/p>\n<p>&nbsp;<\/p>\n<p>&nbsp;<\/p>\n<p>&nbsp;<\/p>\n","protected":false},"excerpt":{"rendered":"<p>Hor\u00e1rio da Biblioteca &#8211; Sala 2 &#8211; Q5 Per\u00edodo Letivo: De 2\u00aa a 6\u00aa feira: 8h00 \u00e0s 18h00 Per\u00edodo F\u00e9rias: De 2\u00aa a 6\u00aa feira: 8h00 \u00e0s 12h00 \u2013 13h00 \u00e0s 18h00 Hor\u00e1rio do Anexo 24 horas &nbsp; &nbsp; &nbsp;<\/p>\n","protected":false},"author":13,"featured_media":0,"parent":1356,"menu_order":2,"comment_status":"closed","ping_status":"closed","template":"","meta":{"_monsterinsights_skip_tracking":false,"_monsterinsights_sitenote_active":false,"_monsterinsights_sitenote_note":"","_monsterinsights_sitenote_category":0,"ngg_post_thumbnail":0,"footnotes":""},"_links":{"self":[{"href":"https:\/\/sbi.iqsc.usp.br\/index.php?rest_route=\/wp\/v2\/pages\/550"}],"collection":[{"href":"https:\/\/sbi.iqsc.usp.br\/index.php?rest_route=\/wp\/v2\/pages"}],"about":[{"href":"https:\/\/sbi.iqsc.usp.br\/index.php?rest_route=\/wp\/v2\/types\/page"}],"author":[{"embeddable":true,"href":"https:\/\/sbi.iqsc.usp.br\/index.php?rest_route=\/wp\/v2\/users\/13"}],"replies":[{"embeddable":true,"href":"https:\/\/sbi.iqsc.usp.br\/index.php?rest_route=%2Fwp%2Fv2%2Fcomments&post=550"}],"version-history":[{"count":21,"href":"https:\/\/sbi.iqsc.usp.br\/index.php?rest_route=\/wp\/v2\/pages\/550\/revisions"}],"predecessor-version":[{"id":3588,"href":"https:\/\/sbi.iqsc.usp.br\/index.php?rest_route=\/wp\/v2\/pages\/550\/revisions\/3588"}],"up":[{"embeddable":true,"href":"https:\/\/sbi.iqsc.usp.br\/index.php?rest_route=\/wp\/v2\/pages\/1356"}],"wp:attachment":[{"href":"https:\/\/sbi.iqsc.usp.br\/index.php?rest_route=%2Fwp%2Fv2%2Fmedia&parent=550"}],"curies":[{"name":"wp","href":"https:\/\/api.w.org\/{rel}","templated":true}]}}