{"id":84,"date":"2013-03-05T11:16:52","date_gmt":"2013-03-05T14:16:52","guid":{"rendered":"http:\/\/sbi2.iqsc.usp.br\/?page_id=84"},"modified":"2021-02-19T11:03:54","modified_gmt":"2021-02-19T14:03:54","slug":"catalogos-de-outras-bibliotecas","status":"publish","type":"page","link":"https:\/\/sbi.iqsc.usp.br\/?page_id=84","title":{"rendered":"Cat\u00e1logos de Outras Institui\u00e7\u00f5es"},"content":{"rendered":"<p><a href=\"http:\/\/ccn.ibict.br\/busca.jsf\" target=\"_blank\" rel=\"noopener noreferrer\">Cat\u00e1logo Coletivo Nacional (IBICT): peri\u00f3dicos nas bibliotecas brasileiras<\/a><\/p>\n<p><a href=\"https:\/\/www.pergamum.ufscar.br\/biblioteca\/index.php\" target=\"_blank\" rel=\"noopener noreferrer\">UFSCar<\/a><\/p>\n<p><a href=\"https:\/\/www2.unesp.br\/portal#!\/cgb\/\" target=\"_blank\" rel=\"noopener noreferrer\">UNESP<\/a><\/p>\n<p><a href=\"http:\/\/acervus.unicamp.br\/\" target=\"_blank\" rel=\"noopener noreferrer\">UNICAMP<\/a><\/p>\n","protected":false},"excerpt":{"rendered":"<p>Cat\u00e1logo Coletivo Nacional (IBICT): peri\u00f3dicos nas bibliotecas brasileiras UFSCar UNESP UNICAMP<\/p>\n","protected":false},"author":13,"featured_media":0,"parent":1339,"menu_order":4,"comment_status":"closed","ping_status":"closed","template":"","meta":{"_monsterinsights_skip_tracking":false,"_monsterinsights_sitenote_active":false,"_monsterinsights_sitenote_note":"","_monsterinsights_sitenote_category":0,"ngg_post_thumbnail":0,"footnotes":""},"_links":{"self":[{"href":"https:\/\/sbi.iqsc.usp.br\/index.php?rest_route=\/wp\/v2\/pages\/84"}],"collection":[{"href":"https:\/\/sbi.iqsc.usp.br\/index.php?rest_route=\/wp\/v2\/pages"}],"about":[{"href":"https:\/\/sbi.iqsc.usp.br\/index.php?rest_route=\/wp\/v2\/types\/page"}],"author":[{"embeddable":true,"href":"https:\/\/sbi.iqsc.usp.br\/index.php?rest_route=\/wp\/v2\/users\/13"}],"replies":[{"embeddable":true,"href":"https:\/\/sbi.iqsc.usp.br\/index.php?rest_route=%2Fwp%2Fv2%2Fcomments&post=84"}],"version-history":[{"count":31,"href":"https:\/\/sbi.iqsc.usp.br\/index.php?rest_route=\/wp\/v2\/pages\/84\/revisions"}],"predecessor-version":[{"id":2706,"href":"https:\/\/sbi.iqsc.usp.br\/index.php?rest_route=\/wp\/v2\/pages\/84\/revisions\/2706"}],"up":[{"embeddable":true,"href":"https:\/\/sbi.iqsc.usp.br\/index.php?rest_route=\/wp\/v2\/pages\/1339"}],"wp:attachment":[{"href":"https:\/\/sbi.iqsc.usp.br\/index.php?rest_route=%2Fwp%2Fv2%2Fmedia&parent=84"}],"curies":[{"name":"wp","href":"https:\/\/api.w.org\/{rel}","templated":true}]}}